{"id":766,"date":"2023-06-30T13:57:15","date_gmt":"2023-06-30T11:57:15","guid":{"rendered":"https:\/\/beauteravissante.fr\/kontaktieren-sie-uns\/"},"modified":"2026-03-20T15:12:32","modified_gmt":"2026-03-20T14:12:32","slug":"kontaktieren-sie-uns","status":"publish","type":"page","link":"https:\/\/beauteravissante.fr\/de\/kontaktieren-sie-uns\/","title":{"rendered":"Kontaktieren Sie uns"},"content":{"rendered":"\t\t<div data-elementor-type=\"wp-page\" data-elementor-id=\"766\" class=\"elementor elementor-766 elementor-14\" data-elementor-post-type=\"page\">\n\t\t\t\t<div class=\"elementor-element elementor-element-a2ec75e e-flex e-con-boxed e-con e-parent\" data-id=\"a2ec75e\" data-element_type=\"container\">\n\t\t\t\t\t<div class=\"e-con-inner\">\n\t\t<div class=\"elementor-element elementor-element-7d6ca19 e-con-full e-flex e-con e-child\" data-id=\"7d6ca19\" data-element_type=\"container\">\n\t\t\t\t<div class=\"elementor-element elementor-element-c739141 elementor-widget elementor-widget-heading\" data-id=\"c739141\" data-element_type=\"widget\" data-widget_type=\"heading.default\">\n\t\t\t\t<div class=\"elementor-widget-container\">\n\t\t\t<style>\/*! elementor - v3.21.0 - 08-05-2024 *\/\n.elementor-heading-title{padding:0;margin:0;line-height:1}.elementor-widget-heading .elementor-heading-title[class*=elementor-size-]>a{color:inherit;font-size:inherit;line-height:inherit}.elementor-widget-heading .elementor-heading-title.elementor-size-small{font-size:15px}.elementor-widget-heading .elementor-heading-title.elementor-size-medium{font-size:19px}.elementor-widget-heading .elementor-heading-title.elementor-size-large{font-size:29px}.elementor-widget-heading .elementor-heading-title.elementor-size-xl{font-size:39px}.elementor-widget-heading .elementor-heading-title.elementor-size-xxl{font-size:59px}<\/style><h1 class=\"elementor-heading-title elementor-size-default\">Kontaktieren Sie uns<\/h1>\t\t<\/div>\n\t\t\t\t<\/div>\n\t\t\t\t<div class=\"elementor-element elementor-element-cae7e55 elementor-widget elementor-widget-text-editor\" data-id=\"cae7e55\" data-element_type=\"widget\" data-widget_type=\"text-editor.default\">\n\t\t\t\t<div class=\"elementor-widget-container\">\n\t\t\t<style>\/*! elementor - v3.21.0 - 08-05-2024 *\/\n.elementor-widget-text-editor.elementor-drop-cap-view-stacked .elementor-drop-cap{background-color:#69727d;color:#fff}.elementor-widget-text-editor.elementor-drop-cap-view-framed .elementor-drop-cap{color:#69727d;border:3px solid;background-color:transparent}.elementor-widget-text-editor:not(.elementor-drop-cap-view-default) .elementor-drop-cap{margin-top:8px}.elementor-widget-text-editor:not(.elementor-drop-cap-view-default) .elementor-drop-cap-letter{width:1em;height:1em}.elementor-widget-text-editor .elementor-drop-cap{float:left;text-align:center;line-height:1;font-size:50px}.elementor-widget-text-editor .elementor-drop-cap-letter{display:inline-block}<\/style>\t\t\t\tBei Beaut\u00e9 Ravissante sch\u00e4tzen wir jeden Kunden und sind bestrebt, eine au\u00dfergew\u00f6hnliche Erfahrung zu bieten. Vielen Dank, dass Sie Teil unserer bezaubernden Gemeinschaft sind! \t\t\t\t\t\t<\/div>\n\t\t\t\t<\/div>\n\t\t\t\t<div class=\"elementor-element elementor-element-24f4db1 elementor-widget elementor-widget-image\" data-id=\"24f4db1\" data-element_type=\"widget\" data-widget_type=\"image.default\">\n\t\t\t\t<div class=\"elementor-widget-container\">\n\t\t\t<style>\/*! elementor - v3.21.0 - 08-05-2024 *\/\n.elementor-widget-image{text-align:center}.elementor-widget-image a{display:inline-block}.elementor-widget-image a img[src$=\".svg\"]{width:48px}.elementor-widget-image img{vertical-align:middle;display:inline-block}<\/style>\t\t\t\t\t\t\t\t\t\t<img fetchpriority=\"high\" decoding=\"async\" width=\"800\" height=\"802\" src=\"https:\/\/beauteravissante.fr\/wp-content\/uploads\/2023\/11\/contact-beaute-ravissante-1022x1024.jpg\" class=\"attachment-large size-large wp-image-767\" alt=\"kontakt-hoher-rutschend\" srcset=\"https:\/\/beauteravissante.fr\/wp-content\/uploads\/2023\/11\/contact-beaute-ravissante-1022x1024.jpg 1022w, https:\/\/beauteravissante.fr\/wp-content\/uploads\/2023\/11\/contact-beaute-ravissante-300x300.jpg 300w, https:\/\/beauteravissante.fr\/wp-content\/uploads\/2023\/11\/contact-beaute-ravissante-150x150.jpg 150w, https:\/\/beauteravissante.fr\/wp-content\/uploads\/2023\/11\/contact-beaute-ravissante-768x770.jpg 768w, https:\/\/beauteravissante.fr\/wp-content\/uploads\/2023\/11\/contact-beaute-ravissante-1532x1536.jpg 1532w\" sizes=\"(max-width: 800px) 100vw, 800px\" \/>\t\t\t\t\t\t\t\t\t\t\t\t\t<\/div>\n\t\t\t\t<\/div>\n\t\t\t\t<\/div>\n\t\t<div class=\"elementor-element elementor-element-d9777ea e-con-full e-flex e-con e-child\" data-id=\"d9777ea\" data-element_type=\"container\">\n\t\t\t\t<div class=\"elementor-element elementor-element-3b60326 elementor-widget elementor-widget-shortcode\" data-id=\"3b60326\" data-element_type=\"widget\" data-widget_type=\"shortcode.default\">\n\t\t\t\t<div class=\"elementor-widget-container\">\n\t\t\t\t\t<div class=\"elementor-shortcode\">\n<div class=\"wpcf7 no-js\" id=\"wpcf7-f795-o1\" lang=\"de-DE\" dir=\"ltr\">\n<div class=\"screen-reader-response\"><p role=\"status\" aria-live=\"polite\" aria-atomic=\"true\"><\/p> <ul><\/ul><\/div>\n<form action=\"\/de\/wp-json\/wp\/v2\/pages\/766#wpcf7-f795-o1\" method=\"post\" class=\"wpcf7-form init\" aria-label=\"Kontaktformular\" novalidate=\"novalidate\" data-status=\"init\">\n<div style=\"display: none;\">\n<input type=\"hidden\" name=\"_wpcf7\" value=\"795\" \/>\n<input type=\"hidden\" name=\"_wpcf7_version\" value=\"5.9.4\" \/>\n<input type=\"hidden\" name=\"_wpcf7_locale\" value=\"de_DE\" \/>\n<input type=\"hidden\" name=\"_wpcf7_unit_tag\" value=\"wpcf7-f795-o1\" \/>\n<input type=\"hidden\" name=\"_wpcf7_container_post\" value=\"0\" \/>\n<input type=\"hidden\" name=\"_wpcf7_posted_data_hash\" value=\"\" \/>\n<\/div>\n<p><label> Ihr Name<br \/>\n<span class=\"wpcf7-form-control-wrap\" data-name=\"your-name\"><input size=\"40\" class=\"wpcf7-form-control wpcf7-text wpcf7-validates-as-required\" autocomplete=\"name\" aria-required=\"true\" aria-invalid=\"false\" value=\"\" type=\"text\" name=\"your-name\" \/><\/span> <\/label>\n<\/p>\n<p><label> Ihre E-Mail-Adresse<br \/>\n<span class=\"wpcf7-form-control-wrap\" data-name=\"your-email\"><input size=\"40\" class=\"wpcf7-form-control wpcf7-email wpcf7-validates-as-required wpcf7-text wpcf7-validates-as-email\" autocomplete=\"email\" aria-required=\"true\" aria-invalid=\"false\" value=\"\" type=\"email\" name=\"your-email\" \/><\/span> <\/label>\n<\/p>\n<p><label> Objekt<br \/>\n<span class=\"wpcf7-form-control-wrap\" data-name=\"your-subject\"><input size=\"40\" class=\"wpcf7-form-control wpcf7-text wpcf7-validates-as-required\" aria-required=\"true\" aria-invalid=\"false\" value=\"\" type=\"text\" name=\"your-subject\" \/><\/span> <\/label>\n<\/p>\n<p><label> Ihre Nachricht (optional)<br \/>\n<span class=\"wpcf7-form-control-wrap\" data-name=\"your-message\"><textarea cols=\"40\" rows=\"10\" class=\"wpcf7-form-control wpcf7-textarea\" aria-invalid=\"false\" name=\"your-message\"><\/textarea><\/span> <\/label>\n<\/p>\n<p><input class=\"wpcf7-form-control wpcf7-submit has-spinner\" type=\"submit\" value=\"Senden Sie\" \/>\n<\/p><div class=\"wpcf7-response-output\" aria-hidden=\"true\"><\/div>\n<\/form>\n<\/div>\n<\/div>\n\t\t\t\t<\/div>\n\t\t\t\t<\/div>\n\t\t\t\t<div class=\"elementor-element elementor-element-53b8174 elementor-widget elementor-widget-html\" data-id=\"53b8174\" data-element_type=\"widget\" data-widget_type=\"html.default\">\n\t\t\t\t<div class=\"elementor-widget-container\">\n\t\t\t<!-- 235fd2fc33e6efd8baf781218f1d9854 -->\t\t<\/div>\n\t\t\t\t<\/div>\n\t\t\t\t<\/div>\n\t\t\t\t\t<\/div>\n\t\t\t\t<\/div>\n\t\t\t\t<\/div>\n\t\t","protected":false},"excerpt":{"rendered":"<p>Kontaktieren Sie uns Bei Beaut\u00e9 Ravissante sch\u00e4tzen wir jeden Kunden und sind bestrebt, eine au\u00dfergew\u00f6hnliche Erfahrung zu bieten. Vielen Dank, dass Sie Teil unserer bezaubernden Gemeinschaft sind!<\/p>\n","protected":false},"author":1,"featured_media":0,"parent":0,"menu_order":0,"comment_status":"closed","ping_status":"closed","template":"","meta":{"footnotes":""},"class_list":["post-766","page","type-page","status-publish","hentry"],"yoast_head":"<!-- This site is optimized with the Yoast SEO plugin v22.6 - https:\/\/yoast.com\/wordpress\/plugins\/seo\/ -->\n<title>Kontaktieren Sie uns - beauteravissante<\/title>\n<meta name=\"robots\" content=\"index, follow, max-snippet:-1, max-image-preview:large, max-video-preview:-1\" \/>\n<link rel=\"canonical\" href=\"https:\/\/beauteravissante.fr\/de\/kontaktieren-sie-uns\/\" \/>\n<meta property=\"og:locale\" content=\"de_DE\" \/>\n<meta property=\"og:type\" content=\"article\" \/>\n<meta property=\"og:title\" content=\"Kontaktieren Sie uns - beauteravissante\" \/>\n<meta property=\"og:description\" content=\"Kontaktieren Sie uns Bei Beaut\u00e9 Ravissante sch\u00e4tzen wir jeden Kunden und sind bestrebt, eine au\u00dfergew\u00f6hnliche Erfahrung zu bieten. Vielen Dank, dass Sie Teil unserer bezaubernden Gemeinschaft sind!\" \/>\n<meta property=\"og:url\" content=\"https:\/\/beauteravissante.fr\/de\/kontaktieren-sie-uns\/\" \/>\n<meta property=\"og:site_name\" content=\"beauteravissante\" \/>\n<meta property=\"article:modified_time\" content=\"2026-03-20T14:12:32+00:00\" \/>\n<meta property=\"og:image\" content=\"https:\/\/beauteravissante.fr\/wp-content\/uploads\/2023\/11\/contact-beaute-ravissante-1022x1024.jpg\" \/>\n<meta name=\"twitter:card\" content=\"summary_large_image\" \/>\n<script type=\"application\/ld+json\" class=\"yoast-schema-graph\">{\"@context\":\"https:\/\/schema.org\",\"@graph\":[{\"@type\":\"WebPage\",\"@id\":\"https:\/\/beauteravissante.fr\/de\/kontaktieren-sie-uns\/\",\"url\":\"https:\/\/beauteravissante.fr\/de\/kontaktieren-sie-uns\/\",\"name\":\"Kontaktieren Sie uns - beauteravissante\",\"isPartOf\":{\"@id\":\"https:\/\/beauteravissante.fr\/de\/#website\"},\"primaryImageOfPage\":{\"@id\":\"https:\/\/beauteravissante.fr\/de\/kontaktieren-sie-uns\/#primaryimage\"},\"image\":{\"@id\":\"https:\/\/beauteravissante.fr\/de\/kontaktieren-sie-uns\/#primaryimage\"},\"thumbnailUrl\":\"https:\/\/beauteravissante.fr\/wp-content\/uploads\/2023\/11\/contact-beaute-ravissante-1022x1024.jpg\",\"datePublished\":\"2023-06-30T11:57:15+00:00\",\"dateModified\":\"2026-03-20T14:12:32+00:00\",\"breadcrumb\":{\"@id\":\"https:\/\/beauteravissante.fr\/de\/kontaktieren-sie-uns\/#breadcrumb\"},\"inLanguage\":\"de\",\"potentialAction\":[{\"@type\":\"ReadAction\",\"target\":[\"https:\/\/beauteravissante.fr\/de\/kontaktieren-sie-uns\/\"]}]},{\"@type\":\"ImageObject\",\"inLanguage\":\"de\",\"@id\":\"https:\/\/beauteravissante.fr\/de\/kontaktieren-sie-uns\/#primaryimage\",\"url\":\"https:\/\/beauteravissante.fr\/wp-content\/uploads\/2023\/11\/contact-beaute-ravissante-1022x1024.jpg\",\"contentUrl\":\"https:\/\/beauteravissante.fr\/wp-content\/uploads\/2023\/11\/contact-beaute-ravissante-1022x1024.jpg\"},{\"@type\":\"BreadcrumbList\",\"@id\":\"https:\/\/beauteravissante.fr\/de\/kontaktieren-sie-uns\/#breadcrumb\",\"itemListElement\":[{\"@type\":\"ListItem\",\"position\":1,\"name\":\"Accueil\",\"item\":\"https:\/\/beauteravissante.fr\/de\/entdecken-sie-die-neuesten-schoenheitstrends-auf-unserem-schoenheitsblog\/\"},{\"@type\":\"ListItem\",\"position\":2,\"name\":\"Kontaktieren Sie uns\"}]},{\"@type\":\"WebSite\",\"@id\":\"https:\/\/beauteravissante.fr\/de\/#website\",\"url\":\"https:\/\/beauteravissante.fr\/de\/\",\"name\":\"beauteravissante\",\"description\":\"\",\"publisher\":{\"@id\":\"https:\/\/beauteravissante.fr\/de\/#organization\"},\"potentialAction\":[{\"@type\":\"SearchAction\",\"target\":{\"@type\":\"EntryPoint\",\"urlTemplate\":\"https:\/\/beauteravissante.fr\/de\/?s={search_term_string}\"},\"query-input\":\"required name=search_term_string\"}],\"inLanguage\":\"de\"},{\"@type\":\"Organization\",\"@id\":\"https:\/\/beauteravissante.fr\/de\/#organization\",\"name\":\"beauteravissante\",\"url\":\"https:\/\/beauteravissante.fr\/de\/\",\"logo\":{\"@type\":\"ImageObject\",\"inLanguage\":\"de\",\"@id\":\"https:\/\/beauteravissante.fr\/de\/#\/schema\/logo\/image\/\",\"url\":\"https:\/\/beauteravissante.fr\/wp-content\/uploads\/2023\/11\/Logo.png\",\"contentUrl\":\"https:\/\/beauteravissante.fr\/wp-content\/uploads\/2023\/11\/Logo.png\",\"width\":250,\"height\":100,\"caption\":\"beauteravissante\"},\"image\":{\"@id\":\"https:\/\/beauteravissante.fr\/de\/#\/schema\/logo\/image\/\"}}]}<\/script>\n<!-- \/ Yoast SEO plugin. -->","yoast_head_json":{"title":"Kontaktieren Sie uns - beauteravissante","robots":{"index":"index","follow":"follow","max-snippet":"max-snippet:-1","max-image-preview":"max-image-preview:large","max-video-preview":"max-video-preview:-1"},"canonical":"https:\/\/beauteravissante.fr\/de\/kontaktieren-sie-uns\/","og_locale":"de_DE","og_type":"article","og_title":"Kontaktieren Sie uns - beauteravissante","og_description":"Kontaktieren Sie uns Bei Beaut\u00e9 Ravissante sch\u00e4tzen wir jeden Kunden und sind bestrebt, eine au\u00dfergew\u00f6hnliche Erfahrung zu bieten. Vielen Dank, dass Sie Teil unserer bezaubernden Gemeinschaft sind!","og_url":"https:\/\/beauteravissante.fr\/de\/kontaktieren-sie-uns\/","og_site_name":"beauteravissante","article_modified_time":"2026-03-20T14:12:32+00:00","og_image":[{"url":"https:\/\/beauteravissante.fr\/wp-content\/uploads\/2023\/11\/contact-beaute-ravissante-1022x1024.jpg"}],"twitter_card":"summary_large_image","schema":{"@context":"https:\/\/schema.org","@graph":[{"@type":"WebPage","@id":"https:\/\/beauteravissante.fr\/de\/kontaktieren-sie-uns\/","url":"https:\/\/beauteravissante.fr\/de\/kontaktieren-sie-uns\/","name":"Kontaktieren Sie uns - beauteravissante","isPartOf":{"@id":"https:\/\/beauteravissante.fr\/de\/#website"},"primaryImageOfPage":{"@id":"https:\/\/beauteravissante.fr\/de\/kontaktieren-sie-uns\/#primaryimage"},"image":{"@id":"https:\/\/beauteravissante.fr\/de\/kontaktieren-sie-uns\/#primaryimage"},"thumbnailUrl":"https:\/\/beauteravissante.fr\/wp-content\/uploads\/2023\/11\/contact-beaute-ravissante-1022x1024.jpg","datePublished":"2023-06-30T11:57:15+00:00","dateModified":"2026-03-20T14:12:32+00:00","breadcrumb":{"@id":"https:\/\/beauteravissante.fr\/de\/kontaktieren-sie-uns\/#breadcrumb"},"inLanguage":"de","potentialAction":[{"@type":"ReadAction","target":["https:\/\/beauteravissante.fr\/de\/kontaktieren-sie-uns\/"]}]},{"@type":"ImageObject","inLanguage":"de","@id":"https:\/\/beauteravissante.fr\/de\/kontaktieren-sie-uns\/#primaryimage","url":"https:\/\/beauteravissante.fr\/wp-content\/uploads\/2023\/11\/contact-beaute-ravissante-1022x1024.jpg","contentUrl":"https:\/\/beauteravissante.fr\/wp-content\/uploads\/2023\/11\/contact-beaute-ravissante-1022x1024.jpg"},{"@type":"BreadcrumbList","@id":"https:\/\/beauteravissante.fr\/de\/kontaktieren-sie-uns\/#breadcrumb","itemListElement":[{"@type":"ListItem","position":1,"name":"Accueil","item":"https:\/\/beauteravissante.fr\/de\/entdecken-sie-die-neuesten-schoenheitstrends-auf-unserem-schoenheitsblog\/"},{"@type":"ListItem","position":2,"name":"Kontaktieren Sie uns"}]},{"@type":"WebSite","@id":"https:\/\/beauteravissante.fr\/de\/#website","url":"https:\/\/beauteravissante.fr\/de\/","name":"beauteravissante","description":"","publisher":{"@id":"https:\/\/beauteravissante.fr\/de\/#organization"},"potentialAction":[{"@type":"SearchAction","target":{"@type":"EntryPoint","urlTemplate":"https:\/\/beauteravissante.fr\/de\/?s={search_term_string}"},"query-input":"required name=search_term_string"}],"inLanguage":"de"},{"@type":"Organization","@id":"https:\/\/beauteravissante.fr\/de\/#organization","name":"beauteravissante","url":"https:\/\/beauteravissante.fr\/de\/","logo":{"@type":"ImageObject","inLanguage":"de","@id":"https:\/\/beauteravissante.fr\/de\/#\/schema\/logo\/image\/","url":"https:\/\/beauteravissante.fr\/wp-content\/uploads\/2023\/11\/Logo.png","contentUrl":"https:\/\/beauteravissante.fr\/wp-content\/uploads\/2023\/11\/Logo.png","width":250,"height":100,"caption":"beauteravissante"},"image":{"@id":"https:\/\/beauteravissante.fr\/de\/#\/schema\/logo\/image\/"}}]}},"_links":{"self":[{"href":"https:\/\/beauteravissante.fr\/de\/wp-json\/wp\/v2\/pages\/766","targetHints":{"allow":["GET"]}}],"collection":[{"href":"https:\/\/beauteravissante.fr\/de\/wp-json\/wp\/v2\/pages"}],"about":[{"href":"https:\/\/beauteravissante.fr\/de\/wp-json\/wp\/v2\/types\/page"}],"author":[{"embeddable":true,"href":"https:\/\/beauteravissante.fr\/de\/wp-json\/wp\/v2\/users\/1"}],"replies":[{"embeddable":true,"href":"https:\/\/beauteravissante.fr\/de\/wp-json\/wp\/v2\/comments?post=766"}],"version-history":[{"count":3,"href":"https:\/\/beauteravissante.fr\/de\/wp-json\/wp\/v2\/pages\/766\/revisions"}],"predecessor-version":[{"id":811,"href":"https:\/\/beauteravissante.fr\/de\/wp-json\/wp\/v2\/pages\/766\/revisions\/811"}],"wp:attachment":[{"href":"https:\/\/beauteravissante.fr\/de\/wp-json\/wp\/v2\/media?parent=766"}],"curies":[{"name":"wp","href":"https:\/\/api.w.org\/{rel}","templated":true}]}}